{"id":6172,"date":"2017-04-22T13:16:56","date_gmt":"2017-04-22T11:16:56","guid":{"rendered":"http:\/\/starklin.com\/?page_id=6172"},"modified":"2019-12-22T09:11:25","modified_gmt":"2019-12-22T08:11:25","slug":"cookie","status":"publish","type":"page","link":"https:\/\/starklin.com\/index.php\/cookie\/","title":{"rendered":"Cookie"},"content":{"rendered":"<section class=\"l-section wpb_row us_custom_e11ab399 height_small\"><div class=\"l-section-h i-cf\"><div class=\"g-cols vc_row via_flex valign_middle type_default stacking_default\"><div class=\"vc_col-sm-12 wpb_column vc_column_container\"><div class=\"vc_column-inner\"><div class=\"wpb_wrapper\"><h1 class=\"w-post-elm post_title us_custom_607cd7e8 entry-title color_link_inherit\">Cookie<\/h1><\/div><\/div><\/div><\/div><\/div><\/section><section class=\"l-section wpb_row height_small\"><div class=\"l-section-h i-cf\"><div class=\"g-cols vc_row via_flex valign_middle type_default stacking_default\"><div class=\"vc_col-sm-12 wpb_column vc_column_container\"><div class=\"vc_column-inner\"><div class=\"wpb_wrapper\"><div class=\"wpb_text_column\"><div class=\"wpb_wrapper\"><p><strong>Informativa sull&#8217;utilizzo dei cookie<\/strong><\/p>\n<p>Utilizziamo i cookie e tecnologie affini per rendere pi\u00f9 agevole ed intuitivo il funzionamento del nostro sito web, nonch\u00e9 per rendere pi\u00f9 funzionale per l&#8217;utente la navigazione in caso di visite future.<br \/>\nNel presente documento troverete informazioni dettagliate sull&#8217;uso dei cookie, di tecnologie similari e sulla loro gestione.<\/p>\n<p><strong>Cosa sono i cookie<\/strong><\/p>\n<p>I cookie sono file di testo di piccole dimensioni inviati dal sito al terminale dell\u2019 utente interessato (solitamente al browser), dove vengono memorizzati per essere poi ritrasmessi al sito in occasione della successiva visita da parte del medesimo utente.<br \/>\nUn cookie non pu\u00f2 richiamare dati di altra natura dal disco rigido dell\u2019utente, non pu\u00f2 in nessun caso veicolare virus informatici o acquisire indirizzi e-mail.<br \/>\nOgni cookie \u00e8 unico per il browser dell\u2019utente. Alcune delle funzioni dei cookie possono essere demandate ad altre tecnologie. Nel presente documento con il termine \u2018cookie\u2019 si far\u00e0 riferimento sia ai cookie, in senso stretto, sia alle tecnologie similari.<\/p>\n<p><strong>Tipologia dei cookie<\/strong><br \/>\nIn base alle loro caratteristiche e funzionalit\u00e0 i cookie possono distinguersi in diverse categorie:<\/p>\n<p><strong>Cookie tecnici<\/strong><br \/>\nRientrano in questa categoria tutti i cookie utilizzati al solo scopo di &#8220;<em>effettuare la trasmissione di una comunicazione su una rete di comunicazione elettronica, o nella misura strettamente necessaria al fornitore di un servizio della societ\u00e0 dell&#8217;informazione esplicitamente richiesto dall&#8217;abbonato o dall&#8217;utente a erogare tale servizio&#8221; (cfr. art. 122, comma 1, del Codice)<\/em>.<\/p>\n<p>Essi non vengono utilizzati per scopi ulteriori e vengono normalmente installati direttamente dal titolare o da chi gestisce il sito web. Possono essere suddivisi in:<\/p>\n<p>\u2022 cookie di navigazione o di sessione, necessari per garantire la normale navigazione e fruizione del sito web essi sono di fatto funzionali al suo corretto funzionamento;<\/p>\n<p>\u2022 cookie analytics, assimilati ai cookie tecnici laddove utilizzati direttamente dal gestore del sito per raccogliere dati in forma aggregata, sul numero degli utenti e sul modo in cui interagiscono con i suoi contenuti, al fine di migliorare le performance complessive del sito; (vedi pi\u00f9 avanti riferimento ai cookie di Google Analytics).<\/p>\n<p>\u2022 cookie di funzionalit\u00e0, che permettono all&#8217;utente la navigazione in funzione di una serie di criteri selezionati (ad esempio, la lingua) con l&#8217;obiettivo di migliorare la fruizione. L&#8217;installazione di tali cookie non richiede consenso da parte dell&#8217;utente.<\/p>\n<p><strong>Cookie di profilazione<\/strong><br \/>\nI cookie di profilazione sono impiegati per creare &#8220;profili&#8221; relativi all&#8217;utente e vengono utilizzati al fine di inviare messaggi pubblicitari in linea con le preferenze manifestate dallo stesso nell&#8217;ambito della navigazione in rete. (Identificano gli &#8220;interessi&#8221; dei singoli utenti in modo anonimo per migliorare la sua esperienza di navigazione)<br \/>\nL&#8217;utilizzo dei cookie di profilazione richiede il consenso dell&#8217;interessato. Secondo la normativa vigente l\u2019utente pu\u00f2 decidere se autorizzare o rifiutare il consenso all&#8217;installazione di tali cookie utilizzando le indicazioni fornite nella sezione &#8220;Gestione dei cookie&#8221;.<\/p>\n<p>In caso di cookie di terze parti (rientrano in questa categoria tutti i cookie legati all&#8217;utilizzo dei social network), il sito non ha un controllo diretto dei singoli file (non pu\u00f2 n\u00e9 installarli direttamente n\u00e9 rimuoverli). L&#8217;utente potr\u00e0 comunque gestire i cookie appartenenti a questa categoria modificando le impostazioni del browser (seguono istruzioni dettagliate), o le risorse online segnalate nella sezione &#8220;Gestione dei cookie&#8221;.<\/p>\n<p>Invitiamo i nostri utenti alla verifica della procedura prevista sul sito della terza parte (l&#8217;elenco \u00e8 disponibile pi\u00f9 avanti).<\/p>\n<p>Quello che segue \u00e8 l&#8217;elenco completo dei cookie tecnici attualmente presenti all&#8217;interno del nostro sito web:<strong>\u00a0<\/strong><\/p>\n<p><strong>Cookie di sistema<\/strong><\/p>\n<p>Utilizziamo questi cookie per ottimizzare l&#8217;esperienza di navigazione. Potrete decidere di disabilitarli ma questa scelta potrebbe andare a discapito della corretta visualizzazione del sito web e della sua facilit\u00e0 di utilizzo.<\/p>\n<p><strong>Google Analytics<\/strong><\/p>\n<p>Google Analytics utilizza i &#8220;cookie&#8221; per raccogliere e analizzare in forma del tutto anonima dati relativi all&#8217;esperienza dell&#8217;utente all&#8217;interno di un sito web (compreso l&#8217;indirizzo IP). Le informazioni ricavate dal cookie sul vostro utilizzo del nostro sito web sono normalmente trasmesse e salvate presso il server della Google negli USA. Ci avvaliamo di questa tipologia di cookie esclusivamento con lo scopo di migliorare i nostri contenuti a favore dell&#8217;esperienza dell&#8217;utente finale.<br \/>\nRicordiamo che Google opera nel pieno rispetto delle disposizioni sulla protezione dei dati della convenzione &#8220;US-Safe-Harbor&#8221; ed \u00e8 registrato presso il programma &#8220;Safe Harbor&#8221; del ministero del commercio americano. Google utilizzer\u00e0 conseguentemente le informazioni raccolte al solo scopo di valutare il vostro utilizzo del nostro sito web, per redigere dei protocolli sulle attivit\u00e0 dei siti web e per fornirci altri servizi connessi all\u2019utilizzo del sito web e di internet. Google proceder\u00e0 alla trasmissione di tali informazioni a terzi soltanto nei casi in cui vi siano delle prescrizioni di legge o al fine dell\u2019elaborazione dati. In nessun caso Google associer\u00e0 i vostri dati con altri dati rilevati da Google.<br \/>\nNavigando all&#8217;interno del nostro sito web (acconsentendo all&#8217;utilizzo dei cookie) accettate l\u2019elaborazione dei vostri dati nel modo e per gli scopi sopra riportati.<\/p>\n<p>Potrete in ogni caso disabilitare in modo selettivo l&#8217;azione di monitoraggio da parte di Google Analytics installando sul vostro browser il plugin di <em>opt-out <\/em>fornito da Google. Per maggiori informazioni si rimanda al seguente link:<\/p>\n<p><a href=\"https:\/\/tools.google.com\/dlpage\/gaoptout\" target=\"_blank\" rel=\"noopener noreferrer\">https:\/\/tools.google.com\/dlpage\/gaoptout<\/a><\/p>\n<p><strong>Google Adwords Remarketing<\/strong><br \/>\nGoogle Adwords Remarketing utilizza i cookie per analizzare il target e migliorare la pubblicit\u00e0, con azioni di remarketing, al fine di mostrare all&#8217;utente messaggi in linea con i propri interessi.<br \/>\nIl remarketing ha quindi l&#8217;obiettivo di raggiungere utenti che hanno visitato il sito in precedenza. Gli utenti che hanno visitato il nostro sito web, visualizzeranno i nostri annunci pubblicitari accedendo ad altri siti web inclusi nella Rete Display di Google o mentre effettuano ricerche su Google utilizzando termini correlati ai nostri prodotti\/servizi<br \/>\nPer maggiori informazioni sul remarketing o per conoscere la procedura da seguire per disabilitare tali cookie potrete fare riferimento ai seguenti link: <a href=\"https:\/\/support.google.com\/adwords\/answer\/2407785?hl=it\" target=\"_blank\" rel=\"noopener noreferrer\">https:\/\/support.google.com\/adwords\/answer\/2407785?hl=it<\/a>\u00a0 e <a href=\"http:\/\/www.google.com\/settings\/ads\" target=\"_blank\" rel=\"noopener noreferrer\">http:\/\/www.google.com\/settings\/ads<\/a><\/p>\n<p><strong>Facebook<br \/>\n<\/strong>Facebook si avvale dell&#8217;utilizzo dei cookie per mettere a disposizione degli utenti funzionalit\u00e0 di condivisione e di \u201clike\u201d sulla propria bacheca. Per maggiori informazioni, potrete consultare la pagina <a href=\"https:\/\/www.facebook.com\/about\/privacy\">https:\/\/www.facebook.com\/about\/privacy<\/a><\/p>\n<p><strong>Twitter<\/strong><br \/>\nTwitter utilizza cookie per offrire all&#8217;utente funzionalit\u00e0 di condivisione sulla propria bacheca.<strong><br \/>\n<\/strong>Per maggiori idettagli vi invitiamo a consultare le pagine:\u00a0<a href=\"https:\/\/support.twitter.com\/articles\/20170519-uso-dei-cookie-e-di-altre-tecnologie-simili-da-parte-di-twitter\" target=\"_blank\" rel=\"noopener noreferrer\">https:\/\/support.twitter.com\/articles\/20170519-uso-dei-cookie-e-di-altre-tecnologie-simili-da-parte-di-twitter<\/a><strong>\u00a0<\/strong>e\u00a0<a href=\"https:\/\/twitter.com\/privacy?lang=it\" target=\"_blank\" rel=\"noopener noreferrer\">https:\/\/twitter.com\/privacy?lang=it<\/a><\/p>\n<p><strong>Google+<\/strong><br \/>\nGoogle+ utilizza cookie per offrire all&#8217;utente funzionalit\u00e0 di condivisione sulla propria bacheca.<strong><br \/>\n<\/strong>Per informazioni dettagliate \u00e8 necessario consultare la pagina <a href=\"http:\/\/www.google.com\/policies\/technologies\/cookies\/\" target=\"_blank\" rel=\"noopener noreferrer\">http:\/\/www.google.com\/policies\/technologies\/cookies\/<\/a><\/p>\n<p><strong>Durata dei cookie<br \/>\n<\/strong>I cookie hanno durata variabile, sulla base della scadenza impostata al momento dell&#8217;installazione del browser.<\/p>\n<p>Possono in ogni caso essere distini in:<strong><br \/>\n&#8211; <\/strong>temporanei o di sessione (session cookie): file utilizzati per l&#8217;archiviazione di informazioni temporanee, che consentono di collegare le azioni eseguite durante una specifica sessione. Vengono rimossi dal computer al momento della chiusura delle finestre del browser;<br \/>\n<strong><br \/>\n&#8211; <\/strong>permanenti (persistent cookie): usati per archiviare informazioni quali il nome e la password di accesso, in modo da evitare che l&#8217;utente non abbia necessit\u00e0 di digitarli nuovamente ogni volta che visita un particolare sito web. Tali dati restano memorizzati nel computer anche dopo la chiusura del browser.<strong>\u00a0<\/strong><\/p>\n<p><strong>Gestione dei cookie<br \/>\n<\/strong>Nel rispetto delle direttive del Codice in materia di protezione dei dati personali (d.lg. 30 giugno 2003, n. 196, di seguito &#8220;Codice&#8221;) e, in particolare,\u00a0agli artt. 13, comma 3 e 122, comma 1 e in riferimento al provvedimento di Individuazione delle modalit\u00e0 semplificate per l&#8217;informativa e l&#8217;acquisizione del consenso per l&#8217;uso dei cookie &#8211; 8 maggio 2014 (Pubblicato sulla Gazzetta Ufficiale n. 126 del 3 giugno 2014), puoi modificare in qualsiasi momento il consenso all&#8217;utilizzo cookie.<\/p>\n<p>In qualit\u00e0 di utenti del nostro sito avrete facolt\u00e1 di esercitare i diritti riconosciuti dall&#8217;art. 7 del D.Lgs. 196\/2003 n qualsiasi momento, ed in particolare, di ottenere copia dei dati trattati, il loro aggiornamento, la loro origine, la finalit\u00e0 e la modalit\u00e0 del trattamento, la loro rettifica o integrazione, la loro cancellazione, la trasformazione in forma anonima o il blocco per i trattamenti in violazione di legge e di opporsi per motivi legittimi al trattamento.<\/p>\n<p>Per esercitare tali diritti, contattaci :<\/p>\n<p><strong>Starklin S.r.l, Via Perruna, 155 \u2013 Tollo (Chieti)<\/strong><br \/>\n<strong>Telefono: +39 0871 961063<\/strong><br \/>\n<strong>Email: contact@starklin.com<\/strong><br \/>\n<strong>P.IVA 02299230694<\/strong><\/p>\n<p>Se avete gi\u00e0 dato il consenso ma desiderate modificare le autorizzazioni dei cookie, dovrete cancellarli attraverso gli strumenti disponibili nel vostro browser, In modo tale da poter rimuovere quelli precedentemente installati.<\/p>\n<p>Ricordiamo nuovamente che non ci \u00e8 in alcun modo possibile applicare controlli sui cookie di terze parti, quindi se \u00e8 gi\u00e0 stato dato precedentemente il consenso, \u00e8 necessario procedere alla cancellazione dei cookie attraverso il browser (sezione dedicata) oppure chiedendo l&#8217;opt-out direttamente alle terze parti o attraverso il sito <a href=\"http:\/\/www.youronlinechoices.com\/it\/le-tue-scelte\" target=\"_blank\" rel=\"noopener noreferrer\">http:\/\/www.youronlinechoices.com\/it\/le-tue-scelte<\/a><\/p>\n<p><strong>Procedura da seguire per disabilitare\/cancellare i cookie mediante configurazione del proprio browser<\/strong><br \/>\n<strong>Per gli utenti che utilizzano Google Chrome<\/strong><br \/>\n1. Aprire il Browser Chrome<br \/>\n2. Fare click sul menu presente nella barra degli strumenti del browser a fianco della finestra di inserimento url per la navigazione<br \/>\n3. Selezionare <strong>Impostazioni<\/strong><br \/>\n4. Cliccare su <strong>Mostra Impostazioni Avanzate<\/strong><br \/>\n5. Nella sezione \u201cPrivacy\u201d fare clic sul pulsante \u201c<strong>Impostazioni contenuti\u201c<\/strong><br \/>\n6. Nella sezione \u201cCookie\u201d potrete modificare le seguenti impostazioni relative:<br \/>\n\u2022 Consentire il salvataggio dei dati in locale<br \/>\n\u2022 Modificare i dati locali solo fino alla chiusura del browser<br \/>\n\u2022 Impedire ai siti di impostare i cookie<br \/>\n\u2022 Bloccare i cookie di terze parti e i dati dei siti<br \/>\n\u2022 Gestire le eccezioni per alcuni siti internet<br \/>\n\u2022 Eliminare uno o tutti i cookie<\/p>\n<p>Per maggiori informazioni visita la pagina <a href=\"https:\/\/support.google.com\/accounts\/answer\/61416?hl=it\" target=\"_blank\" rel=\"noopener noreferrer\">https:\/\/support.google.com\/accounts\/answer\/61416?hl=it<\/a><\/p>\n<p><strong>Per gli utenti che utilizzano Mozilla Firefox<\/strong><br \/>\n1. Avvire il Browser Mozilla Firefox<br \/>\n2. Fare click sul menu presente nella barra degli strumenti del browser a fianco della finestra di inserimento url per la navigazione<br \/>\n3. Selezionare <strong>Opzioni<\/strong><br \/>\n4. Selezionare il pannello <strong>Privacy<\/strong><br \/>\n5. Fare clic su <strong>Mostra Impostazioni Avanzate<\/strong><br \/>\n6. Nella sezione \u201cPrivacy\u201d cliccare sul pulsante \u201c<strong>Impostazioni contenuti\u201c<\/strong><br \/>\n7. Nella sezione \u201c<strong>Tracciamento\u201d <\/strong>sar\u00e0 possibile modificare le seguenti impostazioni relative ai cookie:<br \/>\n\u2022 Richiedi ai siti di non effettuare alcun tracciamento<br \/>\n\u2022 Comunica ai siti la disponibilit\u00e0 ad essere tracciato<br \/>\n\u2022 Non comunicare alcuna preferenza relativa al tracciamento dei dati personali<br \/>\n8. Dalla sezione \u201c<strong>Cronologia\u201d <\/strong>\u00e8 possibile:<br \/>\n\u2022 Abilitando \u201cUtilizza impostazioni personalizzate\u201d selezionare di accettare i cookie di terze parti (sempre, dai siti pi\u00f9 visitato o mai) e di conservarli per un periodo determinato (fino alla loro scadenza, alla chiusura di Firefox o di chiedere ogni volta)<br \/>\n\u2022 Rimuovere i singoli cookie immagazzinati.<br \/>\nPer maggiori informazioni visita <a href=\"https:\/\/support.mozilla.org\/it\/kb\/Bloccare%20i%20cookie\" target=\"_blank\" rel=\"noopener noreferrer\">https:\/\/support.mozilla.org\/it\/kb\/Bloccare%20i%20cookie<\/a><\/p>\n<p>Per gli utenti che utilizzano <strong>Internet Explorer<\/strong><br \/>\n1. Eseguire il Browser Internet Explorer<br \/>\n2. Cliccare sul pulsante <strong>Strumenti <\/strong>e scegliere <strong>Opzioni Internet<\/strong><br \/>\n3. Cliccare sulla scheda <strong>Privacy <\/strong>e, nella sezione <strong>Impostazioni<\/strong>, modificare il dispositivo di scorrimento in funzione dell\u2019azione desiderata per i cookie:<br \/>\n\u2022 Bloccare tutti i cookie<br \/>\n\u2022 Consentire tutti i cookie<br \/>\n\u2022 Selezionare i siti da cui ottenere cookie: spostare il cursore in una posizione intermedia in modo da non bloccare o consentire tutti i cookie, premere quindi su Siti, nella casella Indirizzo Sito Web inserire un sito internet e quindi premere su Blocca o Consenti.<br \/>\nPer maggiori informazioni visita la pagina <a href=\"http:\/\/windows.microsoft.com\/it-it\/windows-vista\/block-or-allow-cookies\" target=\"_blank\" rel=\"noopener noreferrer\">http:\/\/windows.microsoft.com\/it-it\/windows-vista\/block-or-allow-cookies<\/a><\/p>\n<p><strong>Per utenti che utilizzano Safari 6<\/strong><br \/>\n1. Eseguire il Browser Safari<br \/>\n2. Fare click su <strong>Safari<\/strong>, scegliere <strong>Preferenze <\/strong>e premere su <strong>Privacy<\/strong><br \/>\n3. Nella sezione Blocca Cookie specificare come Safari deve accettare i cookie dai siti internet.<br \/>\n4. Per visionare quali siti hanno immagazzinato i cookie cliccare su <strong>Dettagli<\/strong><br \/>\nPer maggiori informazioni visita la pagina dedicata.<\/p>\n<p><strong>Per utenti che utilizzano Safari iOS (dispositivi mobile)<\/strong><br \/>\n1. Eseguire il Browser Safari iOS<br \/>\n2. Seleziona su <strong>Impostazioni <\/strong>e poi <strong>Safari <\/strong>3. Seleziona su <strong>Blocca Cookie <\/strong>e scegli tra le varie opzioni: \u201cMai\u201d, \u201cDi terze parti e inserzionisti\u201d o \u201cSempre\u201d<br \/>\n4. Per cancellare tutti i cookie immagazzinati da Safari, Seleziona su <strong>Impostazioni<\/strong>, poi su <strong>Safari <\/strong>e infine su <strong>Cancella Cookie e dati<\/strong><br \/>\nPer maggiori informazioni visita la pagina <a href=\"https:\/\/support.apple.com\/it-it\/HT201265\" target=\"_blank\" rel=\"noopener noreferrer\">https:\/\/support.apple.com\/it-it\/HT201265<\/a><br \/>\n<strong>Per utenti che utilizzano Opera<\/strong><br \/>\n1. Eseguire il Browser Opera<br \/>\n2. Fare click sul Preferenze poi su Avanzate e infine su Cookie<br \/>\n3. Selezionare una delle seguenti opzioni:<br \/>\n\u2022 Accetta tutti i cookie<br \/>\n\u2022 Accetta i cookie solo dal sito che si visita: i cookie di terze parti e quelli che vengono inviati da un dominio diverso da quello che si sta visitando verranno rifiutati<br \/>\n\u2022 Non accettare mai i cookie: tutti i cookie non verranno mai salvati. Per maggiori informazioni:<br \/>\n<a href=\"http:\/\/www.opera.com\/help\/tutorials\/security\/privacy\/\" target=\"_blank\" rel=\"noopener noreferrer\">http:\/\/www.opera.com\/help\/tutorials\/security\/privacy\/<\/a><\/p>\n<\/div><\/div><div class=\"wpb_text_column\"><div class=\"wpb_wrapper\"><p><strong>Dichiarazione specifica Cookie:<\/strong><\/p>\n<script\n\t\ttype=\"text\/javascript\"\n\t\tid=\"CookieDeclaration\"\n\t\tsrc=\"https:\/\/consent.cookiebot.com\/04e4cfc4-b691-48f2-9770-e5fec1d3c283\/cd.js\"\n\t\tasync><\/script>\n\n<\/div><\/div><\/div><\/div><\/div><\/div><\/div><\/section>\n","protected":false},"excerpt":{"rendered":"CookieInformativa sull&#8217;utilizzo dei cookie Utilizziamo i cookie e tecnologie affini per rendere pi\u00f9 agevole ed intuitivo il funzionamento del nostro sito web, nonch\u00e9 per rendere pi\u00f9 funzionale per l&#8217;utente la navigazione in caso di visite future. Nel presente documento troverete informazioni dettagliate sull&#8217;uso dei cookie, di tecnologie similari e sulla loro gestione. Cosa sono i...","protected":false},"author":1,"featured_media":0,"parent":0,"menu_order":0,"comment_status":"closed","ping_status":"closed","template":"","meta":{"footnotes":""},"class_list":["post-6172","page","type-page","status-publish","hentry"],"aioseo_notices":[],"_links":{"self":[{"href":"https:\/\/starklin.com\/index.php\/wp-json\/wp\/v2\/pages\/6172","targetHints":{"allow":["GET"]}}],"collection":[{"href":"https:\/\/starklin.com\/index.php\/wp-json\/wp\/v2\/pages"}],"about":[{"href":"https:\/\/starklin.com\/index.php\/wp-json\/wp\/v2\/types\/page"}],"author":[{"embeddable":true,"href":"https:\/\/starklin.com\/index.php\/wp-json\/wp\/v2\/users\/1"}],"replies":[{"embeddable":true,"href":"https:\/\/starklin.com\/index.php\/wp-json\/wp\/v2\/comments?post=6172"}],"version-history":[{"count":0,"href":"https:\/\/starklin.com\/index.php\/wp-json\/wp\/v2\/pages\/6172\/revisions"}],"wp:attachment":[{"href":"https:\/\/starklin.com\/index.php\/wp-json\/wp\/v2\/media?parent=6172"}],"curies":[{"name":"wp","href":"https:\/\/api.w.org\/{rel}","templated":true}]}}