{"id":5926,"date":"2017-04-20T15:54:50","date_gmt":"2017-04-20T13:54:50","guid":{"rendered":"http:\/\/starklin.com\/?page_id=5926"},"modified":"2026-04-08T15:46:17","modified_gmt":"2026-04-08T13:46:17","slug":"azienda","status":"publish","type":"page","link":"https:\/\/starklin.com\/index.php\/azienda\/","title":{"rendered":"Azienda"},"content":{"rendered":"<section class=\"l-section wpb_row height_auto width_full color_primary\"><div class=\"l-section-h i-cf\"><div class=\"g-cols vc_row via_flex valign_top type_default stacking_default\"><div class=\"vc_col-sm-12 wpb_column vc_column_container\"><div class=\"vc_column-inner\"><div class=\"wpb_wrapper\">[rev_slider_vc alias=&#8221;azienda&#8221;]<\/div><\/div><\/div><\/div><\/div><\/section><section class=\"l-section wpb_row height_small color_alternate\" id=\"intro\"><div class=\"l-section-h i-cf\"><div class=\"g-cols vc_row via_flex valign_top type_default stacking_default\"><div class=\"vc_col-sm-12 wpb_column vc_column_container\"><div class=\"vc_column-inner\"><div class=\"wpb_wrapper\"><div class=\"wpb_text_column\"><div class=\"wpb_wrapper\"><h2 style=\"text-align: center;\"><span style=\"color: #be1527;\">Chi <strong>siamo<\/strong><\/span><\/h2>\n<p class=\"p1\" style=\"text-align: center;\">Starklin da anni offre servizi e consulenza nell&#8217;ambito del broadcasting in store per aziende e grande distribuzione organizzata. Nel 2007, prende vita StreamTiV\u00f9, il primo progetto Starklin dedicato al servizio di video clouding; da allora con passo sicuro e sguardo fisso abbiamo proseguito verso nuove sfide, guardando oltre l&#8217;esistente, per immaginare scenari futuri e progettare nuovi servizi.<\/p>\n<p class=\"p1\" style=\"text-align: center;\">La qualit\u00e0 del lavoro e la competenza dello staff, ci permettono di studiare soluzioni su misura per ogni occasione e seguire la progettazione e la realizzazione in ogni sua fase.<span class=\"apple-converted-space\">\u00a0\u00a0<\/span>Ad oggi Starklin \u00e8 un punto di riferimento per i competitor e un partner affidabile per le aziende.<\/p>\n<\/div><\/div><div class=\"w-separator size_small with_line width_30 thick_1 style_solid color_border align_center with_content\"><div class=\"w-separator-h\"><i class=\"fas fa-arrow-down\"><\/i><\/div><\/div><\/div><\/div><\/div><\/div><\/div><\/section><section class=\"l-section wpb_row height_large\" id=\"history\"><div class=\"l-section-h i-cf\"><div class=\"g-cols vc_row via_flex valign_top type_default stacking_default\"><div class=\"vc_col-sm-12 wpb_column vc_column_container\"><div class=\"vc_column-inner\"><div class=\"wpb_wrapper\"><div class=\"wpb_text_column\"><div class=\"wpb_wrapper\"><blockquote>\n<h5 style=\"text-align: center;\">Ad oggi Straklin \u00e8 un network affermato e soprattutto un partner affidabile nel campo del broadcasting in store in grado di garantire con continuit\u00e0 servizi di qualit\u00e0 a misura delle esigenze del singolo committente.<\/h5>\n<\/blockquote>\n<\/div><\/div><\/div><\/div><\/div><\/div><\/div><\/section><section class=\"l-section wpb_row height_medium color_primary\"><div class=\"l-section-h i-cf\"><div class=\"g-cols vc_row via_flex valign_top type_default stacking_default\"><div class=\"vc_col-sm-12 wpb_column vc_column_container\"><div class=\"vc_column-inner\"><div class=\"wpb_wrapper\"><div class=\"wpb_text_column\"><div class=\"wpb_wrapper\"><h3 style=\"text-align: center;\"><span style=\"color: #ffffff;\">Perch\u00e9 scegliere di affidarsi a <strong>Starklin <\/strong><\/span><\/h3>\n<p class=\"p1\" style=\"text-align: center;\">Catene nazionali della grande distribuzione organizzata ci hanno gi\u00e0 accordato la loro fiducia e sono stabilmente al nostro fianco da diversi anni. \u00c8 nostra priorit\u00e0 ripagare questa fiducia con impegno, professionalit\u00e0 e assistenza costante, affinch\u00e9 la scelta diventi soddisfazione e sicurezza di avere un partner affidabile con il quale confrontarsi e mettere a segno interventi mirati.<\/p>\n<p class=\"p1\" style=\"text-align: center;\">Ideiamo e progettiamo ogni servizio all&#8217;interno della nostra azienda e possiamo fornire anche sistemi hardware proprietari, cos\u00ec da garantire la conoscenza profonda di ogni aspetto e calibrare il tutto in base alle esigenze dell&#8217;impresa.<span class=\"apple-converted-space\">\u00a0\u00a0<\/span>Per questo Starklin \u00e8 sinonimo di versatilit\u00e0, completezza e competenza; per questo Starklin non \u00e8 un fornitore, ma un partner.<\/p>\n<\/div><\/div><div class=\"w-video us_custom_e9376af4 align_center ratio_16x9 has_iframe\"><div class=\"w-video-h\"><iframe title=\"Youtube video player\" src=\"\/\/www.youtube.com\/embed\/DpWllVLXMkY?autoplay=0&controls=1&origin=https:\/\/starklin.com&loop=0&mute=0\" allowfullscreen=\"1\" loading=\"lazy\"><\/iframe><\/div><\/div><\/div><\/div><\/div><\/div><\/div><\/section><section class=\"l-section wpb_row height_medium\" id=\"team\"><div class=\"l-section-h i-cf\"><div class=\"g-cols vc_row via_flex valign_top type_default stacking_default\"><div class=\"vc_col-sm-12 wpb_column vc_column_container\"><div class=\"vc_column-inner\"><div class=\"wpb_wrapper\"><div class=\"wpb_text_column\"><div class=\"wpb_wrapper\"><h3 style=\"text-align: center;\"><span style=\"color: #004d77;\">Team<\/span><\/h3>\n<\/div><\/div><div class=\"w-separator size_small with_line width_default thick_1 style_solid color_primary align_center with_content\"><div class=\"w-separator-h\"><i class=\"fas fa-users\"><\/i><\/div><\/div><div class=\"g-cols wpb_row via_flex valign_top type_default stacking_default\" style=\"--additional-gap:30;\"><div class=\"vc_col-sm-6 wpb_column vc_column_container\"><div class=\"vc_column-inner\"><div class=\"wpb_wrapper\"><div class=\"w-person layout_simple_circle with_socials\" itemscope itemtype=\"https:\/\/schema.org\/Person\"><div class=\"w-person-image\"><img loading=\"lazy\" decoding=\"async\" width=\"350\" height=\"350\" src=\"https:\/\/starklin.com\/wp-content\/uploads\/2017\/04\/starklin-tommaso-di-mascio-1.jpg\" class=\"attachment-large size-large\" alt=\"\" itemprop=\"image\" srcset=\"https:\/\/starklin.com\/wp-content\/uploads\/2017\/04\/starklin-tommaso-di-mascio-1.jpg 350w, https:\/\/starklin.com\/wp-content\/uploads\/2017\/04\/starklin-tommaso-di-mascio-1-150x150.jpg 150w, https:\/\/starklin.com\/wp-content\/uploads\/2017\/04\/starklin-tommaso-di-mascio-1-300x300.jpg 300w, https:\/\/starklin.com\/wp-content\/uploads\/2017\/04\/starklin-tommaso-di-mascio-1-180x180.jpg 180w\" sizes=\"auto, (max-width: 350px) 100vw, 350px\" \/><\/div><div class=\"w-person-content\"><h4 itemprop=\"name\" class=\"w-person-name\"><span>Tommaso Di Mascio<\/span><\/h4><div class=\"w-person-role\" itemprop=\"jobTitle\">Project Manager<\/div><div class=\"w-person-links\"><div class=\"w-person-links-list\"><a href=\"https:\/\/www.linkedin.com\/in\/tommaso-di-mascio-2454b321\/\" target=\"_blank\" rel=\"nofollow\" class=\"w-person-links-item type_linkedin\" title=\"LinkedIn\"><i class=\"fab fa-linkedin\"><\/i><\/a><\/div><\/div><\/div><\/div><\/div><\/div><\/div><\/div><\/div><\/div><\/div><\/div><\/div><\/section><section class=\"l-section wpb_row height_medium color_alternate\" id=\"clients\"><div class=\"l-section-h i-cf\"><div class=\"g-cols vc_row via_flex valign_top type_default stacking_default\"><div class=\"vc_col-sm-12 wpb_column vc_column_container\"><div class=\"vc_column-inner\"><div class=\"wpb_wrapper\"><div class=\"wpb_text_column\"><div class=\"wpb_wrapper\"><h3 style=\"text-align: center;\"><span style=\"color: #004d77;\">Le nostre<\/span><strong><span style=\"color: #004d77;\"> SOLUZIONI <\/span><\/strong><span style=\"color: #004d77;\">per il Tuo\u00a0<\/span><span style=\"color: #004d77;\"><b>BUSINESS<\/b><\/span><\/h3>\n<\/div><\/div><div class=\"w-separator size_small with_line width_30 thick_1 style_solid color_secondary align_center with_content\"><div class=\"w-separator-h\"><i class=\"fas fa-arrow-down\"><\/i><\/div><\/div><div class=\"w-separator size_custom\" style=\"height:20px\"><\/div><div class=\"w-grid us_carousel type_carousel layout_6857 preload_style_spinner items_3\" id=\"us_grid_1\" style=\"--items:3;\"><style>.layout_6857 .w-grid-item-h{}.layout_6857 .usg_post_image_1{transition-duration:0.3s;opacity:0.66}.layout_6857 .w-grid-item-h:focus-within .usg_post_image_1,.layout_6857 .w-grid-item-h:hover .usg_post_image_1{opacity:1}.layout_6857 .usg_post_image_1{border-radius:0.3rem!important}<\/style><div class=\"w-grid-list owl-carousel valign_middle dotstyle_circle navstyle_circle arrows-ver-pos_middle arrows-hor-pos_on_sides_outside arrows-disabled_hide owl-responsive-2000 with_dots\" style=\"--transition-duration:350ms;\">\t<article class=\"w-grid-item post-6468 attachment type-attachment status-inherit hentry\" data-id=\"6468\">\r\n\t\t<div class=\"w-grid-item-h\">\r\n\t\t\t\t\t\t<div class=\"w-post-elm post_image usg_post_image_1\"><a target=\"_blank\" rel=\"nofollow\" href=\"https:\/\/starklin.com\/index.php\/soluzioni\/kron\/\" aria-label=\"starklin-kron\"><img loading=\"lazy\" decoding=\"async\" width=\"300\" height=\"56\" src=\"https:\/\/starklin.com\/wp-content\/uploads\/2017\/04\/starklin-kron-300x56.png\" class=\"attachment-medium size-medium\" alt=\"\" \/><\/a><\/div>\t\t<\/div>\r\n\t\t\t<\/article>\r\n\t<article class=\"w-grid-item post-6358 attachment type-attachment status-inherit hentry\" data-id=\"6358\">\r\n\t\t<div class=\"w-grid-item-h\">\r\n\t\t\t\t\t\t<div class=\"w-post-elm post_image usg_post_image_1\"><a target=\"_blank\" rel=\"nofollow\" href=\"https:\/\/starklin.com\/index.php\/soluzioni\/j-box\/\" aria-label=\"starklin-j-box\"><img loading=\"lazy\" decoding=\"async\" width=\"300\" height=\"56\" src=\"https:\/\/starklin.com\/wp-content\/uploads\/2017\/04\/starklin-j-box-300x56.png\" class=\"attachment-medium size-medium\" alt=\"\" \/><\/a><\/div>\t\t<\/div>\r\n\t\t\t<\/article>\r\n\t<article class=\"w-grid-item post-6357 attachment type-attachment status-inherit hentry\" data-id=\"6357\">\r\n\t\t<div class=\"w-grid-item-h\">\r\n\t\t\t\t\t\t<div class=\"w-post-elm post_image usg_post_image_1\"><a target=\"_blank\" rel=\"nofollow\" href=\"https:\/\/starklin.com\/index.php\/soluzioni\/streampod\/\" aria-label=\"starklin-stream-pod\"><img loading=\"lazy\" decoding=\"async\" width=\"300\" height=\"56\" src=\"https:\/\/starklin.com\/wp-content\/uploads\/2017\/04\/starklin-stream-pod-300x56.png\" class=\"attachment-medium size-medium\" alt=\"\" \/><\/a><\/div>\t\t<\/div>\r\n\t\t\t<\/article>\r\n\t<article class=\"w-grid-item post-6356 attachment type-attachment status-inherit hentry\" data-id=\"6356\">\r\n\t\t<div class=\"w-grid-item-h\">\r\n\t\t\t\t\t\t<div class=\"w-post-elm post_image usg_post_image_1\"><a target=\"_blank\" rel=\"nofollow\" href=\"https:\/\/starklin.com\/index.php\/soluzioni\/stampaemozioni\/\" aria-label=\"starklin-stampa-emozioni\"><img loading=\"lazy\" decoding=\"async\" width=\"300\" height=\"56\" src=\"https:\/\/starklin.com\/wp-content\/uploads\/2017\/04\/starklin-stampa-emozioni-300x56.png\" class=\"attachment-medium size-medium\" alt=\"\" \/><\/a><\/div>\t\t<\/div>\r\n\t\t\t<\/article>\r\n\t<article class=\"w-grid-item post-6355 attachment type-attachment status-inherit hentry\" data-id=\"6355\">\r\n\t\t<div class=\"w-grid-item-h\">\r\n\t\t\t\t\t\t<div class=\"w-post-elm post_image usg_post_image_1\"><a target=\"_blank\" rel=\"nofollow\" href=\"https:\/\/starklin.com\/index.php\/soluzioni\/radio-infinity-radio-in-store\/\" aria-label=\"starklin-radio-infinity\"><img loading=\"lazy\" decoding=\"async\" width=\"300\" height=\"56\" src=\"https:\/\/starklin.com\/wp-content\/uploads\/2017\/04\/starklin-radio-infinity-300x56.png\" class=\"attachment-medium size-medium\" alt=\"\" \/><\/a><\/div>\t\t<\/div>\r\n\t\t\t<\/article>\r\n\t<article class=\"w-grid-item post-6354 attachment type-attachment status-inherit hentry\" data-id=\"6354\">\r\n\t\t<div class=\"w-grid-item-h\">\r\n\t\t\t\t\t\t<div class=\"w-post-elm post_image usg_post_image_1\"><a target=\"_blank\" rel=\"nofollow\" href=\"https:\/\/starklin.com\/index.php\/soluzioni\/streamtivu\/\" aria-label=\"starklin-stream-tv\"><img loading=\"lazy\" decoding=\"async\" width=\"300\" height=\"56\" src=\"https:\/\/starklin.com\/wp-content\/uploads\/2017\/04\/starklin-stream-tv-300x56.png\" class=\"attachment-medium size-medium\" alt=\"\" \/><\/a><\/div>\t\t<\/div>\r\n\t\t\t<\/article>\r\n<\/div><div class=\"w-grid-carousel-json hidden\" onclick='return {&quot;carousel_settings&quot;:{&quot;aria_labels&quot;:{&quot;prev&quot;:&quot;Precedente&quot;,&quot;next&quot;:&quot;Prossimo&quot;},&quot;autoplayContinual&quot;:false,&quot;autoplayHoverPause&quot;:false,&quot;autoplayTimeout&quot;:4000,&quot;autoWidth&quot;:false,&quot;smartSpeed&quot;:350,&quot;margin&quot;:0,&quot;mouseDrag&quot;:true,&quot;rtl&quot;:false,&quot;slideBy&quot;:&quot;1&quot;,&quot;touchDrag&quot;:true,&quot;slideTransition&quot;:&quot;&quot;,&quot;responsive&quot;:{&quot;0&quot;:{&quot;autoHeight&quot;:false,&quot;autoplay&quot;:true,&quot;autoWidth&quot;:false,&quot;center&quot;:false,&quot;dots&quot;:true,&quot;items&quot;:1,&quot;loop&quot;:true,&quot;nav&quot;:false,&quot;stagePadding&quot;:0,&quot;slideBy&quot;:&quot;1&quot;},&quot;601&quot;:{&quot;autoHeight&quot;:false,&quot;autoplay&quot;:true,&quot;autoWidth&quot;:false,&quot;center&quot;:false,&quot;dots&quot;:true,&quot;items&quot;:2,&quot;loop&quot;:true,&quot;nav&quot;:false,&quot;stagePadding&quot;:0,&quot;slideBy&quot;:&quot;1&quot;},&quot;1025&quot;:{&quot;autoHeight&quot;:false,&quot;autoplay&quot;:true,&quot;autoWidth&quot;:false,&quot;center&quot;:false,&quot;dots&quot;:true,&quot;items&quot;:3,&quot;loop&quot;:true,&quot;nav&quot;:false,&quot;stagePadding&quot;:0,&quot;slideBy&quot;:&quot;1&quot;},&quot;1381&quot;:{&quot;items&quot;:3,&quot;autoplay&quot;:true,&quot;center&quot;:false,&quot;dots&quot;:true,&quot;nav&quot;:false,&quot;autoHeight&quot;:false,&quot;autoWidth&quot;:false,&quot;loop&quot;:true,&quot;stagePadding&quot;:0}}}}'><\/div><\/div><\/div><\/div><\/div><\/div><\/div><\/section><section class=\"l-section wpb_row height_medium color_primary\"><div class=\"l-section-h i-cf\"><div class=\"g-cols vc_row via_flex valign_top type_default stacking_default\"><div class=\"vc_col-sm-12 wpb_column vc_column_container\"><div class=\"vc_column-inner\"><div class=\"wpb_wrapper\"><div class=\"w-actionbox color_primary controls_right\"><div class=\"w-actionbox-text\"><h4 class=\"w-actionbox-title\">Scopri come possiamo aiutarti a rendere unica l\u2019esperienza d\u2019acquisto dei tuoi clienti e ad incrementare l\u2019afflusso e le vendite.<\/h4><\/div><div class=\"w-actionbox-controls\"><a class=\"w-btn us-btn-style_6 icon_atleft\" style=\"font-size:16px\" href=\"https:\/\/starklin.com\/index.php\/richiedi-informazioni\/\"><i class=\"far fa-envelope\"><\/i><span class=\"w-btn-label\">Contattaci per maggiori informazioni!<\/span><\/a><\/div><\/div><\/div><\/div><\/div><\/div><\/div><\/section><section class=\"l-section wpb_row height_medium\"><div class=\"l-section-h i-cf\"><div class=\"g-cols vc_row via_flex valign_top type_default stacking_default\"><div class=\"vc_col-sm-12 wpb_column vc_column_container\"><div class=\"vc_column-inner\"><div class=\"wpb_wrapper\">[vc_raw_js]JTNDc2NyaXB0JTIwdHlwZSUzRCUyMnRleHQlMkZqYXZhc2NyaXB0JTIyJTNFJTIwbWl4cGFuZWwudHJhY2slMjglMjJQYWdpbmElMjBBemllbmRhJTIyJTI5JTNCJTIwJTNDJTJGc2NyaXB0JTNF[\/vc_raw_js]<\/div><\/div><\/div><\/div><\/div><\/section>\n","protected":false},"excerpt":{"rendered":"","protected":false},"author":1,"featured_media":0,"parent":0,"menu_order":0,"comment_status":"closed","ping_status":"closed","template":"","meta":{"footnotes":""},"class_list":["post-5926","page","type-page","status-publish","hentry"],"aioseo_notices":[],"_links":{"self":[{"href":"https:\/\/starklin.com\/index.php\/wp-json\/wp\/v2\/pages\/5926","targetHints":{"allow":["GET"]}}],"collection":[{"href":"https:\/\/starklin.com\/index.php\/wp-json\/wp\/v2\/pages"}],"about":[{"href":"https:\/\/starklin.com\/index.php\/wp-json\/wp\/v2\/types\/page"}],"author":[{"embeddable":true,"href":"https:\/\/starklin.com\/index.php\/wp-json\/wp\/v2\/users\/1"}],"replies":[{"embeddable":true,"href":"https:\/\/starklin.com\/index.php\/wp-json\/wp\/v2\/comments?post=5926"}],"version-history":[{"count":2,"href":"https:\/\/starklin.com\/index.php\/wp-json\/wp\/v2\/pages\/5926\/revisions"}],"predecessor-version":[{"id":63445,"href":"https:\/\/starklin.com\/index.php\/wp-json\/wp\/v2\/pages\/5926\/revisions\/63445"}],"wp:attachment":[{"href":"https:\/\/starklin.com\/index.php\/wp-json\/wp\/v2\/media?parent=5926"}],"curies":[{"name":"wp","href":"https:\/\/api.w.org\/{rel}","templated":true}]}}